{"id":9519,"date":"2021-12-15T15:54:46","date_gmt":"2021-12-15T18:54:46","guid":{"rendered":"https:\/\/casasco.com.ar\/?page_id=9519"},"modified":"2023-08-24T16:01:42","modified_gmt":"2023-08-24T19:01:42","slug":"url-instrucciones-de-eliminacion-de-datos","status":"publish","type":"page","link":"https:\/\/www.casasco.com.ar\/es\/url-instrucciones-de-eliminacion-de-datos\/","title":{"rendered":"URL Instrucciones de Eliminaci\u00f3n de Datos"},"content":{"rendered":"<span class=\"span-reading-time rt-reading-time\" style=\"display: block;\"><span class=\"rt-label rt-prefix\">Tiempo de lectura:<\/span> <span class=\"rt-time\"> 2<\/span> <span class=\"rt-label rt-postfix\">minutos<\/span><\/span><h1 class=\"title\">URL Instrucciones de Eliminaci\u00f3n de Datos<\/h1>\n<p>En concordancia con las regulaciones de Facebook para Apps y sitios web, debemos brindarle a los usuarios las instrucciones para eliminar sus datos. Si quieres eliminar tu actividad relacionada a la Casasco App, lo puedes hacer de la siguiente manera.<\/p>\n<div>1. Ingresa a tu cuenta de Facebook y haz clic en \u201cConfiguraci\u00f3n y privacidad\u201d. Despu\u00e9s haz clic en \u201cConfiguraci\u00f3n\u201d.<img decoding=\"async\" class=\"alignnone size-full wp-image-9540\" src=\"https:\/\/www.casasco.com.ar\/wp-content\/uploads\/2021\/12\/Separator.jpg\" alt=\"\" width=\"20\" height=\"100\" srcset=\"https:\/\/www.casasco.com.ar\/wp-content\/uploads\/2021\/12\/Separator-5x24.jpg 5w, https:\/\/www.casasco.com.ar\/wp-content\/uploads\/2021\/12\/Separator-7x36.jpg 7w, https:\/\/www.casasco.com.ar\/wp-content\/uploads\/2021\/12\/Separator.jpg 20w\" sizes=\"(max-width: 20px) 100vw, 20px\" \/><\/div>\n<div><\/div>\n<div><\/div>\n<div><\/div>\n<div><img decoding=\"async\" class=\"aligncenter wp-image-9520 size-full\" src=\"https:\/\/www.casasco.com.ar\/wp-content\/uploads\/2021\/12\/MicrosoftTeams-image.png\" alt=\"\" width=\"544\" height=\"658\" srcset=\"https:\/\/www.casasco.com.ar\/wp-content\/uploads\/2021\/12\/MicrosoftTeams-image-20x24.png 20w, https:\/\/www.casasco.com.ar\/wp-content\/uploads\/2021\/12\/MicrosoftTeams-image-30x36.png 30w, https:\/\/www.casasco.com.ar\/wp-content\/uploads\/2021\/12\/MicrosoftTeams-image-40x48.png 40w, https:\/\/www.casasco.com.ar\/wp-content\/uploads\/2021\/12\/MicrosoftTeams-image-200x242.png 200w, https:\/\/www.casasco.com.ar\/wp-content\/uploads\/2021\/12\/MicrosoftTeams-image-248x300.png 248w, https:\/\/www.casasco.com.ar\/wp-content\/uploads\/2021\/12\/MicrosoftTeams-image-400x484.png 400w, https:\/\/www.casasco.com.ar\/wp-content\/uploads\/2021\/12\/MicrosoftTeams-image-500x605.png 500w, https:\/\/www.casasco.com.ar\/wp-content\/uploads\/2021\/12\/MicrosoftTeams-image.png 544w\" sizes=\"(max-width: 544px) 100vw, 544px\" \/><\/div>\n<div><\/div>\n<div><img decoding=\"async\" class=\"alignnone size-full wp-image-9540\" src=\"https:\/\/www.casasco.com.ar\/wp-content\/uploads\/2021\/12\/Separator.jpg\" alt=\"\" width=\"20\" height=\"100\" srcset=\"https:\/\/www.casasco.com.ar\/wp-content\/uploads\/2021\/12\/Separator-5x24.jpg 5w, https:\/\/www.casasco.com.ar\/wp-content\/uploads\/2021\/12\/Separator-7x36.jpg 7w, https:\/\/www.casasco.com.ar\/wp-content\/uploads\/2021\/12\/Separator.jpg 20w\" sizes=\"(max-width: 20px) 100vw, 20px\" \/><\/div>\n<div><\/div>\n<div>2. Ve a la secci\u00f3n de \u201cApps y sitios web\u201d, aqu\u00ed podr\u00e1s ver toda tu actividad relacionada a aplicaciones y p\u00e1ginas web registradas en tu cuenta de Facebook.<\/div>\n<div><\/div>\n<div><img decoding=\"async\" class=\"alignnone size-full wp-image-9540\" src=\"https:\/\/www.casasco.com.ar\/wp-content\/uploads\/2021\/12\/Separator.jpg\" alt=\"\" width=\"20\" height=\"100\" srcset=\"https:\/\/www.casasco.com.ar\/wp-content\/uploads\/2021\/12\/Separator-5x24.jpg 5w, https:\/\/www.casasco.com.ar\/wp-content\/uploads\/2021\/12\/Separator-7x36.jpg 7w, https:\/\/www.casasco.com.ar\/wp-content\/uploads\/2021\/12\/Separator.jpg 20w\" sizes=\"(max-width: 20px) 100vw, 20px\" \/><\/div>\n<div><\/div>\n<div><\/div>\n<div><img decoding=\"async\" class=\"alignnone wp-image-9522 size-full\" src=\"https:\/\/www.casasco.com.ar\/wp-content\/uploads\/2021\/12\/MicrosoftTeams-image2.png\" alt=\"\" width=\"1906\" height=\"314\" srcset=\"https:\/\/www.casasco.com.ar\/wp-content\/uploads\/2021\/12\/MicrosoftTeams-image2-24x4.png 24w, https:\/\/www.casasco.com.ar\/wp-content\/uploads\/2021\/12\/MicrosoftTeams-image2-36x6.png 36w, https:\/\/www.casasco.com.ar\/wp-content\/uploads\/2021\/12\/MicrosoftTeams-image2-48x8.png 48w, https:\/\/www.casasco.com.ar\/wp-content\/uploads\/2021\/12\/MicrosoftTeams-image2-200x33.png 200w, https:\/\/www.casasco.com.ar\/wp-content\/uploads\/2021\/12\/MicrosoftTeams-image2-300x49.png 300w, https:\/\/www.casasco.com.ar\/wp-content\/uploads\/2021\/12\/MicrosoftTeams-image2-400x66.png 400w, https:\/\/www.casasco.com.ar\/wp-content\/uploads\/2021\/12\/MicrosoftTeams-image2-500x82.png 500w, https:\/\/www.casasco.com.ar\/wp-content\/uploads\/2021\/12\/MicrosoftTeams-image2-600x99.png 600w, https:\/\/www.casasco.com.ar\/wp-content\/uploads\/2021\/12\/MicrosoftTeams-image2-700x115.png 700w, https:\/\/www.casasco.com.ar\/wp-content\/uploads\/2021\/12\/MicrosoftTeams-image2-768x127.png 768w, https:\/\/www.casasco.com.ar\/wp-content\/uploads\/2021\/12\/MicrosoftTeams-image2-800x132.png 800w, https:\/\/www.casasco.com.ar\/wp-content\/uploads\/2021\/12\/MicrosoftTeams-image2-1024x169.png 1024w, https:\/\/www.casasco.com.ar\/wp-content\/uploads\/2021\/12\/MicrosoftTeams-image2-1200x198.png 1200w, https:\/\/www.casasco.com.ar\/wp-content\/uploads\/2021\/12\/MicrosoftTeams-image2-1536x253.png 1536w, https:\/\/www.casasco.com.ar\/wp-content\/uploads\/2021\/12\/MicrosoftTeams-image2.png 1906w\" sizes=\"(max-width: 1906px) 100vw, 1906px\" \/><\/div>\n<div><\/div>\n<div><img decoding=\"async\" class=\"alignnone size-full wp-image-9540\" src=\"https:\/\/www.casasco.com.ar\/wp-content\/uploads\/2021\/12\/Separator.jpg\" alt=\"\" width=\"20\" height=\"100\" srcset=\"https:\/\/www.casasco.com.ar\/wp-content\/uploads\/2021\/12\/Separator-5x24.jpg 5w, https:\/\/www.casasco.com.ar\/wp-content\/uploads\/2021\/12\/Separator-7x36.jpg 7w, https:\/\/www.casasco.com.ar\/wp-content\/uploads\/2021\/12\/Separator.jpg 20w\" sizes=\"(max-width: 20px) 100vw, 20px\" \/><\/div>\n<div><\/div>\n<div>3. Selecciona la casilla correspondiente a la Casasco App y haz clic en \u201cEliminar\u201d.<\/div>\n<div><\/div>\n<div><img decoding=\"async\" class=\"alignnone size-full wp-image-9540\" src=\"https:\/\/www.casasco.com.ar\/wp-content\/uploads\/2021\/12\/Separator.jpg\" alt=\"\" width=\"20\" height=\"100\" srcset=\"https:\/\/www.casasco.com.ar\/wp-content\/uploads\/2021\/12\/Separator-5x24.jpg 5w, https:\/\/www.casasco.com.ar\/wp-content\/uploads\/2021\/12\/Separator-7x36.jpg 7w, https:\/\/www.casasco.com.ar\/wp-content\/uploads\/2021\/12\/Separator.jpg 20w\" sizes=\"(max-width: 20px) 100vw, 20px\" \/><\/div>\n<div><\/div>\n<div><\/div>\n<div><img decoding=\"async\" class=\"alignnone wp-image-9535 size-full\" src=\"https:\/\/www.casasco.com.ar\/wp-content\/uploads\/2021\/12\/MicrosoftTeams-image-2.png\" alt=\"\" width=\"1847\" height=\"289\" srcset=\"https:\/\/www.casasco.com.ar\/wp-content\/uploads\/2021\/12\/MicrosoftTeams-image-2-24x4.png 24w, https:\/\/www.casasco.com.ar\/wp-content\/uploads\/2021\/12\/MicrosoftTeams-image-2-36x6.png 36w, https:\/\/www.casasco.com.ar\/wp-content\/uploads\/2021\/12\/MicrosoftTeams-image-2-48x8.png 48w, https:\/\/www.casasco.com.ar\/wp-content\/uploads\/2021\/12\/MicrosoftTeams-image-2-200x31.png 200w, https:\/\/www.casasco.com.ar\/wp-content\/uploads\/2021\/12\/MicrosoftTeams-image-2-300x47.png 300w, https:\/\/www.casasco.com.ar\/wp-content\/uploads\/2021\/12\/MicrosoftTeams-image-2-400x63.png 400w, https:\/\/www.casasco.com.ar\/wp-content\/uploads\/2021\/12\/MicrosoftTeams-image-2-500x78.png 500w, https:\/\/www.casasco.com.ar\/wp-content\/uploads\/2021\/12\/MicrosoftTeams-image-2-600x94.png 600w, https:\/\/www.casasco.com.ar\/wp-content\/uploads\/2021\/12\/MicrosoftTeams-image-2-700x110.png 700w, https:\/\/www.casasco.com.ar\/wp-content\/uploads\/2021\/12\/MicrosoftTeams-image-2-768x120.png 768w, https:\/\/www.casasco.com.ar\/wp-content\/uploads\/2021\/12\/MicrosoftTeams-image-2-800x125.png 800w, https:\/\/www.casasco.com.ar\/wp-content\/uploads\/2021\/12\/MicrosoftTeams-image-2-1024x160.png 1024w, https:\/\/www.casasco.com.ar\/wp-content\/uploads\/2021\/12\/MicrosoftTeams-image-2-1200x188.png 1200w, https:\/\/www.casasco.com.ar\/wp-content\/uploads\/2021\/12\/MicrosoftTeams-image-2-1536x240.png 1536w, https:\/\/www.casasco.com.ar\/wp-content\/uploads\/2021\/12\/MicrosoftTeams-image-2.png 1847w\" sizes=\"(max-width: 1847px) 100vw, 1847px\" \/><\/div>\n<div><\/div>\n<div><\/div>\n<div><img decoding=\"async\" class=\"alignnone size-full wp-image-9540\" src=\"https:\/\/www.casasco.com.ar\/wp-content\/uploads\/2021\/12\/Separator.jpg\" alt=\"\" width=\"20\" height=\"100\" srcset=\"https:\/\/www.casasco.com.ar\/wp-content\/uploads\/2021\/12\/Separator-5x24.jpg 5w, https:\/\/www.casasco.com.ar\/wp-content\/uploads\/2021\/12\/Separator-7x36.jpg 7w, https:\/\/www.casasco.com.ar\/wp-content\/uploads\/2021\/12\/Separator.jpg 20w\" sizes=\"(max-width: 20px) 100vw, 20px\" \/><\/div>\n<div><\/div>\n<div>4. Selecciona las casillas de acuerdo a tu preferencia y haz clic en \u201cEliminar\u201d.<\/div>\n<div><\/div>\n<div><\/div>\n<div><img decoding=\"async\" class=\"alignnone size-full wp-image-9540\" src=\"https:\/\/www.casasco.com.ar\/wp-content\/uploads\/2021\/12\/Separator.jpg\" alt=\"\" width=\"20\" height=\"100\" srcset=\"https:\/\/www.casasco.com.ar\/wp-content\/uploads\/2021\/12\/Separator-5x24.jpg 5w, https:\/\/www.casasco.com.ar\/wp-content\/uploads\/2021\/12\/Separator-7x36.jpg 7w, https:\/\/www.casasco.com.ar\/wp-content\/uploads\/2021\/12\/Separator.jpg 20w\" sizes=\"(max-width: 20px) 100vw, 20px\" \/><\/div>\n<div><\/div>\n<div><\/div>\n<div><img decoding=\"async\" class=\"wp-image-9537 size-full aligncenter\" src=\"https:\/\/www.casasco.com.ar\/wp-content\/uploads\/2021\/12\/MicrosoftTeams-imaddge.png\" alt=\"\" width=\"894\" height=\"698\" srcset=\"https:\/\/www.casasco.com.ar\/wp-content\/uploads\/2021\/12\/MicrosoftTeams-imaddge-24x19.png 24w, https:\/\/www.casasco.com.ar\/wp-content\/uploads\/2021\/12\/MicrosoftTeams-imaddge-36x28.png 36w, https:\/\/www.casasco.com.ar\/wp-content\/uploads\/2021\/12\/MicrosoftTeams-imaddge-48x37.png 48w, https:\/\/www.casasco.com.ar\/wp-content\/uploads\/2021\/12\/MicrosoftTeams-imaddge-200x156.png 200w, https:\/\/www.casasco.com.ar\/wp-content\/uploads\/2021\/12\/MicrosoftTeams-imaddge-300x234.png 300w, https:\/\/www.casasco.com.ar\/wp-content\/uploads\/2021\/12\/MicrosoftTeams-imaddge-400x312.png 400w, https:\/\/www.casasco.com.ar\/wp-content\/uploads\/2021\/12\/MicrosoftTeams-imaddge-500x390.png 500w, https:\/\/www.casasco.com.ar\/wp-content\/uploads\/2021\/12\/MicrosoftTeams-imaddge-600x468.png 600w, https:\/\/www.casasco.com.ar\/wp-content\/uploads\/2021\/12\/MicrosoftTeams-imaddge-700x547.png 700w, https:\/\/www.casasco.com.ar\/wp-content\/uploads\/2021\/12\/MicrosoftTeams-imaddge-768x600.png 768w, https:\/\/www.casasco.com.ar\/wp-content\/uploads\/2021\/12\/MicrosoftTeams-imaddge-800x625.png 800w, https:\/\/www.casasco.com.ar\/wp-content\/uploads\/2021\/12\/MicrosoftTeams-imaddge.png 894w\" sizes=\"(max-width: 894px) 100vw, 894px\" \/><\/div>\n<div><\/div>\n<div><\/div>\n<div><img decoding=\"async\" class=\"alignnone size-full wp-image-9540\" src=\"https:\/\/www.casasco.com.ar\/wp-content\/uploads\/2021\/12\/Separator.jpg\" alt=\"\" width=\"20\" height=\"100\" srcset=\"https:\/\/www.casasco.com.ar\/wp-content\/uploads\/2021\/12\/Separator-5x24.jpg 5w, https:\/\/www.casasco.com.ar\/wp-content\/uploads\/2021\/12\/Separator-7x36.jpg 7w, https:\/\/www.casasco.com.ar\/wp-content\/uploads\/2021\/12\/Separator.jpg 20w\" sizes=\"(max-width: 20px) 100vw, 20px\" \/><\/div>\n<div><\/div>\n<div>5. \u00a1Listo! Eliminaste a Casasco App de tus actividades de manera exitosa.<\/div>\n","protected":false},"excerpt":{"rendered":"<p><span class=\"span-reading-time rt-reading-time\" style=\"display: block;\"><span class=\"rt-label rt-prefix\">Tiempo de lectura:<\/span> <span class=\"rt-time\"> 2<\/span> <span class=\"rt-label rt-postfix\">minutos<\/span><\/span>URL Instrucciones de Eliminaci\u00f3n de Datos En concordancia con las  [&#8230;]<\/p>\n","protected":false},"author":1,"featured_media":0,"parent":0,"menu_order":0,"comment_status":"closed","ping_status":"closed","template":"blank.php","meta":{"_acf_changed":false,"footnotes":""},"class_list":["post-9519","page","type-page","status-publish","hentry"],"acf":[],"yoast_head":"<!-- This site is optimized with the Yoast SEO plugin v26.8 - https:\/\/yoast.com\/product\/yoast-seo-wordpress\/ -->\n<title>URL Instrucciones de Eliminaci\u00f3n de Datos - Laboratorios Casasco<\/title>\n<meta name=\"robots\" content=\"noindex, nofollow\" \/>\n<meta property=\"og:locale\" content=\"es_ES\" \/>\n<meta property=\"og:type\" content=\"article\" \/>\n<meta property=\"og:title\" content=\"URL Instrucciones de Eliminaci\u00f3n de Datos - Laboratorios Casasco\" \/>\n<meta property=\"og:description\" content=\"Tiempo de lectura: 2 minutosURL Instrucciones de Eliminaci\u00f3n de Datos En concordancia con las [...]\" \/>\n<meta property=\"og:url\" content=\"https:\/\/www.casasco.com.ar\/es\/url-instrucciones-de-eliminacion-de-datos\/\" \/>\n<meta property=\"og:site_name\" content=\"Laboratorios Casasco\" \/>\n<meta property=\"article:publisher\" content=\"https:\/\/www.facebook.com\/Laboratorios-Casasco-105762654553013\/\" \/>\n<meta property=\"article:modified_time\" content=\"2023-08-24T19:01:42+00:00\" \/>\n<meta property=\"og:image\" content=\"https:\/\/www.casasco.com.ar\/wp-content\/uploads\/2021\/12\/Separator.jpg\" \/>\n<meta name=\"twitter:card\" content=\"summary_large_image\" \/>\n<meta name=\"twitter:label1\" content=\"Tiempo de lectura\" \/>\n\t<meta name=\"twitter:data1\" content=\"3 minutos\" \/>\n<script type=\"application\/ld+json\" class=\"yoast-schema-graph\">{\"@context\":\"https:\/\/schema.org\",\"@graph\":[{\"@type\":\"WebPage\",\"@id\":\"https:\/\/www.casasco.com.ar\/es\/url-instrucciones-de-eliminacion-de-datos\/\",\"url\":\"https:\/\/www.casasco.com.ar\/es\/url-instrucciones-de-eliminacion-de-datos\/\",\"name\":\"URL Instrucciones de Eliminaci\u00f3n de Datos - Laboratorios Casasco\",\"isPartOf\":{\"@id\":\"https:\/\/www.casasco.com.ar\/es\/#website\"},\"primaryImageOfPage\":{\"@id\":\"https:\/\/www.casasco.com.ar\/es\/url-instrucciones-de-eliminacion-de-datos\/#primaryimage\"},\"image\":{\"@id\":\"https:\/\/www.casasco.com.ar\/es\/url-instrucciones-de-eliminacion-de-datos\/#primaryimage\"},\"thumbnailUrl\":\"https:\/\/www.casasco.com.ar\/wp-content\/uploads\/2021\/12\/Separator.jpg\",\"datePublished\":\"2021-12-15T18:54:46+00:00\",\"dateModified\":\"2023-08-24T19:01:42+00:00\",\"breadcrumb\":{\"@id\":\"https:\/\/www.casasco.com.ar\/es\/url-instrucciones-de-eliminacion-de-datos\/#breadcrumb\"},\"inLanguage\":\"es\",\"potentialAction\":[{\"@type\":\"ReadAction\",\"target\":[\"https:\/\/www.casasco.com.ar\/es\/url-instrucciones-de-eliminacion-de-datos\/\"]}]},{\"@type\":\"ImageObject\",\"inLanguage\":\"es\",\"@id\":\"https:\/\/www.casasco.com.ar\/es\/url-instrucciones-de-eliminacion-de-datos\/#primaryimage\",\"url\":\"https:\/\/www.casasco.com.ar\/wp-content\/uploads\/2021\/12\/Separator.jpg\",\"contentUrl\":\"https:\/\/www.casasco.com.ar\/wp-content\/uploads\/2021\/12\/Separator.jpg\"},{\"@type\":\"BreadcrumbList\",\"@id\":\"https:\/\/www.casasco.com.ar\/es\/url-instrucciones-de-eliminacion-de-datos\/#breadcrumb\",\"itemListElement\":[{\"@type\":\"ListItem\",\"position\":1,\"name\":\"Portada\",\"item\":\"https:\/\/www.casasco.com.ar\/es\/\"},{\"@type\":\"ListItem\",\"position\":2,\"name\":\"URL Instrucciones de Eliminaci\u00f3n de Datos\"}]},{\"@type\":\"WebSite\",\"@id\":\"https:\/\/www.casasco.com.ar\/es\/#website\",\"url\":\"https:\/\/www.casasco.com.ar\/es\/\",\"name\":\"Laboratorios Casasco\",\"description\":\"Al servicio de la salud\",\"publisher\":{\"@id\":\"https:\/\/www.casasco.com.ar\/es\/#organization\"},\"potentialAction\":[{\"@type\":\"SearchAction\",\"target\":{\"@type\":\"EntryPoint\",\"urlTemplate\":\"https:\/\/www.casasco.com.ar\/es\/?s={search_term_string}\"},\"query-input\":{\"@type\":\"PropertyValueSpecification\",\"valueRequired\":true,\"valueName\":\"search_term_string\"}}],\"inLanguage\":\"es\"},{\"@type\":\"Organization\",\"@id\":\"https:\/\/www.casasco.com.ar\/es\/#organization\",\"name\":\"Laboratorios Casasco\",\"alternateName\":\"Laboratorios Casasco S.A.I.C.\",\"url\":\"https:\/\/www.casasco.com.ar\/es\/\",\"logo\":{\"@type\":\"ImageObject\",\"inLanguage\":\"es\",\"@id\":\"https:\/\/www.casasco.com.ar\/es\/#\/schema\/logo\/image\/\",\"url\":\"https:\/\/www.casasco.com.ar\/wp-content\/uploads\/2023\/08\/logo_casasco2-1.png\",\"contentUrl\":\"https:\/\/www.casasco.com.ar\/wp-content\/uploads\/2023\/08\/logo_casasco2-1.png\",\"width\":250,\"height\":250,\"caption\":\"Laboratorios Casasco\"},\"image\":{\"@id\":\"https:\/\/www.casasco.com.ar\/es\/#\/schema\/logo\/image\/\"},\"sameAs\":[\"https:\/\/www.facebook.com\/Laboratorios-Casasco-105762654553013\/\",\"https:\/\/www.instagram.com\/laboratorioscasasco\/\",\"https:\/\/www.linkedin.com\/company\/laboratorios-casasco-saic\/?originalSubdomain=ar\",\"https:\/\/www.youtube.com\/channel\/UCSIO_8cRujhC4TtPeZ24P0A\"]}]}<\/script>\n<!-- \/ Yoast SEO plugin. -->","yoast_head_json":{"title":"URL Instrucciones de Eliminaci\u00f3n de Datos - Laboratorios Casasco","robots":{"index":"noindex","follow":"nofollow"},"og_locale":"es_ES","og_type":"article","og_title":"URL Instrucciones de Eliminaci\u00f3n de Datos - Laboratorios Casasco","og_description":"Tiempo de lectura: 2 minutosURL Instrucciones de Eliminaci\u00f3n de Datos En concordancia con las [...]","og_url":"https:\/\/www.casasco.com.ar\/es\/url-instrucciones-de-eliminacion-de-datos\/","og_site_name":"Laboratorios Casasco","article_publisher":"https:\/\/www.facebook.com\/Laboratorios-Casasco-105762654553013\/","article_modified_time":"2023-08-24T19:01:42+00:00","og_image":[{"url":"https:\/\/www.casasco.com.ar\/wp-content\/uploads\/2021\/12\/Separator.jpg","type":"","width":"","height":""}],"twitter_card":"summary_large_image","twitter_misc":{"Tiempo de lectura":"3 minutos"},"schema":{"@context":"https:\/\/schema.org","@graph":[{"@type":"WebPage","@id":"https:\/\/www.casasco.com.ar\/es\/url-instrucciones-de-eliminacion-de-datos\/","url":"https:\/\/www.casasco.com.ar\/es\/url-instrucciones-de-eliminacion-de-datos\/","name":"URL Instrucciones de Eliminaci\u00f3n de Datos - Laboratorios Casasco","isPartOf":{"@id":"https:\/\/www.casasco.com.ar\/es\/#website"},"primaryImageOfPage":{"@id":"https:\/\/www.casasco.com.ar\/es\/url-instrucciones-de-eliminacion-de-datos\/#primaryimage"},"image":{"@id":"https:\/\/www.casasco.com.ar\/es\/url-instrucciones-de-eliminacion-de-datos\/#primaryimage"},"thumbnailUrl":"https:\/\/www.casasco.com.ar\/wp-content\/uploads\/2021\/12\/Separator.jpg","datePublished":"2021-12-15T18:54:46+00:00","dateModified":"2023-08-24T19:01:42+00:00","breadcrumb":{"@id":"https:\/\/www.casasco.com.ar\/es\/url-instrucciones-de-eliminacion-de-datos\/#breadcrumb"},"inLanguage":"es","potentialAction":[{"@type":"ReadAction","target":["https:\/\/www.casasco.com.ar\/es\/url-instrucciones-de-eliminacion-de-datos\/"]}]},{"@type":"ImageObject","inLanguage":"es","@id":"https:\/\/www.casasco.com.ar\/es\/url-instrucciones-de-eliminacion-de-datos\/#primaryimage","url":"https:\/\/www.casasco.com.ar\/wp-content\/uploads\/2021\/12\/Separator.jpg","contentUrl":"https:\/\/www.casasco.com.ar\/wp-content\/uploads\/2021\/12\/Separator.jpg"},{"@type":"BreadcrumbList","@id":"https:\/\/www.casasco.com.ar\/es\/url-instrucciones-de-eliminacion-de-datos\/#breadcrumb","itemListElement":[{"@type":"ListItem","position":1,"name":"Portada","item":"https:\/\/www.casasco.com.ar\/es\/"},{"@type":"ListItem","position":2,"name":"URL Instrucciones de Eliminaci\u00f3n de Datos"}]},{"@type":"WebSite","@id":"https:\/\/www.casasco.com.ar\/es\/#website","url":"https:\/\/www.casasco.com.ar\/es\/","name":"Laboratorios Casasco","description":"Al servicio de la salud","publisher":{"@id":"https:\/\/www.casasco.com.ar\/es\/#organization"},"potentialAction":[{"@type":"SearchAction","target":{"@type":"EntryPoint","urlTemplate":"https:\/\/www.casasco.com.ar\/es\/?s={search_term_string}"},"query-input":{"@type":"PropertyValueSpecification","valueRequired":true,"valueName":"search_term_string"}}],"inLanguage":"es"},{"@type":"Organization","@id":"https:\/\/www.casasco.com.ar\/es\/#organization","name":"Laboratorios Casasco","alternateName":"Laboratorios Casasco S.A.I.C.","url":"https:\/\/www.casasco.com.ar\/es\/","logo":{"@type":"ImageObject","inLanguage":"es","@id":"https:\/\/www.casasco.com.ar\/es\/#\/schema\/logo\/image\/","url":"https:\/\/www.casasco.com.ar\/wp-content\/uploads\/2023\/08\/logo_casasco2-1.png","contentUrl":"https:\/\/www.casasco.com.ar\/wp-content\/uploads\/2023\/08\/logo_casasco2-1.png","width":250,"height":250,"caption":"Laboratorios Casasco"},"image":{"@id":"https:\/\/www.casasco.com.ar\/es\/#\/schema\/logo\/image\/"},"sameAs":["https:\/\/www.facebook.com\/Laboratorios-Casasco-105762654553013\/","https:\/\/www.instagram.com\/laboratorioscasasco\/","https:\/\/www.linkedin.com\/company\/laboratorios-casasco-saic\/?originalSubdomain=ar","https:\/\/www.youtube.com\/channel\/UCSIO_8cRujhC4TtPeZ24P0A"]}]}},"_links":{"self":[{"href":"https:\/\/www.casasco.com.ar\/es\/wp-json\/wp\/v2\/pages\/9519","targetHints":{"allow":["GET"]}}],"collection":[{"href":"https:\/\/www.casasco.com.ar\/es\/wp-json\/wp\/v2\/pages"}],"about":[{"href":"https:\/\/www.casasco.com.ar\/es\/wp-json\/wp\/v2\/types\/page"}],"author":[{"embeddable":true,"href":"https:\/\/www.casasco.com.ar\/es\/wp-json\/wp\/v2\/users\/1"}],"replies":[{"embeddable":true,"href":"https:\/\/www.casasco.com.ar\/es\/wp-json\/wp\/v2\/comments?post=9519"}],"version-history":[{"count":6,"href":"https:\/\/www.casasco.com.ar\/es\/wp-json\/wp\/v2\/pages\/9519\/revisions"}],"predecessor-version":[{"id":9527,"href":"https:\/\/www.casasco.com.ar\/es\/wp-json\/wp\/v2\/pages\/9519\/revisions\/9527"}],"wp:attachment":[{"href":"https:\/\/www.casasco.com.ar\/es\/wp-json\/wp\/v2\/media?parent=9519"}],"curies":[{"name":"wp","href":"https:\/\/api.w.org\/{rel}","templated":true}]}}