{"id":9845,"date":"2023-04-21T15:52:06","date_gmt":"2023-04-21T18:52:06","guid":{"rendered":"https:\/\/casasco.com.ar\/?post_type=product&#038;p=9845"},"modified":"2024-05-23T10:46:58","modified_gmt":"2024-05-23T13:46:58","slug":"hipolipol-ez","status":"publish","type":"product","link":"https:\/\/www.casasco.com.ar\/es\/producto\/hipolipol-ez\/","title":{"rendered":"Hipolipol Ez 10\/10 y 20\/10 mg"},"content":{"rendered":"<span class=\"span-reading-time rt-reading-time\" style=\"display: block;\"><span class=\"rt-label rt-prefix\">Tiempo de lectura:<\/span> <span class=\"rt-time\"> 2<\/span> <span class=\"rt-label rt-postfix\">minutos<\/span><\/span><p><a href=\"https:\/\/www.casasco.com.ar\/wp-content\/uploads\/2015\/09\/Logo-SIN-TAC.png\" rel=\"attachment wp-att-6487\"><br \/>\n<img decoding=\"async\" class=\"wp-image-6487 alignright cc_cursor\" src=\"https:\/\/www.casasco.com.ar\/wp-content\/uploads\/2015\/09\/Logo-SIN-TAC-300x212.png\" alt=\"Logo SIN TAC\" width=\"122\" height=\"86\" srcset=\"https:\/\/www.casasco.com.ar\/wp-content\/uploads\/2015\/09\/Logo-SIN-TAC-120x85.png 120w, https:\/\/www.casasco.com.ar\/wp-content\/uploads\/2015\/09\/Logo-SIN-TAC-200x141.png 200w, https:\/\/www.casasco.com.ar\/wp-content\/uploads\/2015\/09\/Logo-SIN-TAC-300x214.png 300w, https:\/\/www.casasco.com.ar\/wp-content\/uploads\/2015\/09\/Logo-SIN-TAC-400x283.png 400w, https:\/\/www.casasco.com.ar\/wp-content\/uploads\/2015\/09\/Logo-SIN-TAC-500x353.png 500w, https:\/\/www.casasco.com.ar\/wp-content\/uploads\/2015\/09\/Logo-SIN-TAC-600x424.png 600w, https:\/\/www.casasco.com.ar\/wp-content\/uploads\/2015\/09\/Logo-SIN-TAC-700x495.png 700w, https:\/\/www.casasco.com.ar\/wp-content\/uploads\/2015\/09\/Logo-SIN-TAC-768x543.png 768w, https:\/\/www.casasco.com.ar\/wp-content\/uploads\/2015\/09\/Logo-SIN-TAC-800x565.png 800w, https:\/\/www.casasco.com.ar\/wp-content\/uploads\/2015\/09\/Logo-SIN-TAC-1024x724.png 1024w, https:\/\/www.casasco.com.ar\/wp-content\/uploads\/2015\/09\/Logo-SIN-TAC-1200x848.png 1200w, https:\/\/www.casasco.com.ar\/wp-content\/uploads\/2015\/09\/Logo-SIN-TAC-1536x1085.png 1536w, https:\/\/www.casasco.com.ar\/wp-content\/uploads\/2015\/09\/Logo-SIN-TAC.png 1738w\" sizes=\"(max-width: 122px) 100vw, 122px\" \/><\/a><\/p>\n<p>&nbsp;<\/p>\n<p>&nbsp;<\/p>\n<p><a href=\"https:\/\/www.casasco.com.ar\/wp-content\/uploads\/2023\/04\/HipoEZ_10_10.jpg\"><img decoding=\"async\" class=\" wp-image-9846 aligncenter\" src=\"https:\/\/www.casasco.com.ar\/wp-content\/uploads\/2023\/04\/HipoEZ_10_10-300x195.jpg\" alt=\"\" width=\"305\" height=\"199\" srcset=\"https:\/\/www.casasco.com.ar\/wp-content\/uploads\/2023\/04\/HipoEZ_10_10-24x16.jpg 24w, https:\/\/www.casasco.com.ar\/wp-content\/uploads\/2023\/04\/HipoEZ_10_10-36x23.jpg 36w, https:\/\/www.casasco.com.ar\/wp-content\/uploads\/2023\/04\/HipoEZ_10_10-48x31.jpg 48w, https:\/\/www.casasco.com.ar\/wp-content\/uploads\/2023\/04\/HipoEZ_10_10-200x130.jpg 200w, https:\/\/www.casasco.com.ar\/wp-content\/uploads\/2023\/04\/HipoEZ_10_10-300x195.jpg 300w, https:\/\/www.casasco.com.ar\/wp-content\/uploads\/2023\/04\/HipoEZ_10_10-400x260.jpg 400w, https:\/\/www.casasco.com.ar\/wp-content\/uploads\/2023\/04\/HipoEZ_10_10-500x325.jpg 500w, https:\/\/www.casasco.com.ar\/wp-content\/uploads\/2023\/04\/HipoEZ_10_10-600x390.jpg 600w, https:\/\/www.casasco.com.ar\/wp-content\/uploads\/2023\/04\/HipoEZ_10_10-700x455.jpg 700w, https:\/\/www.casasco.com.ar\/wp-content\/uploads\/2023\/04\/HipoEZ_10_10-768x499.jpg 768w, https:\/\/www.casasco.com.ar\/wp-content\/uploads\/2023\/04\/HipoEZ_10_10-800x520.jpg 800w, https:\/\/www.casasco.com.ar\/wp-content\/uploads\/2023\/04\/HipoEZ_10_10-1024x666.jpg 1024w, https:\/\/www.casasco.com.ar\/wp-content\/uploads\/2023\/04\/HipoEZ_10_10-1200x780.jpg 1200w, https:\/\/www.casasco.com.ar\/wp-content\/uploads\/2023\/04\/HipoEZ_10_10-1536x999.jpg 1536w, https:\/\/www.casasco.com.ar\/wp-content\/uploads\/2023\/04\/HipoEZ_10_10.jpg 1821w\" sizes=\"(max-width: 305px) 100vw, 305px\" \/><\/a><a href=\"https:\/\/www.casasco.com.ar\/wp-content\/uploads\/2023\/04\/HipoEZ_20_10.jpg\"><img decoding=\"async\" class=\" wp-image-9848 aligncenter\" src=\"https:\/\/www.casasco.com.ar\/wp-content\/uploads\/2023\/04\/HipoEZ_20_10-300x195.jpg\" alt=\"\" width=\"305\" height=\"198\" srcset=\"https:\/\/www.casasco.com.ar\/wp-content\/uploads\/2023\/04\/HipoEZ_20_10-24x16.jpg 24w, https:\/\/www.casasco.com.ar\/wp-content\/uploads\/2023\/04\/HipoEZ_20_10-36x23.jpg 36w, https:\/\/www.casasco.com.ar\/wp-content\/uploads\/2023\/04\/HipoEZ_20_10-48x31.jpg 48w, https:\/\/www.casasco.com.ar\/wp-content\/uploads\/2023\/04\/HipoEZ_20_10-200x130.jpg 200w, https:\/\/www.casasco.com.ar\/wp-content\/uploads\/2023\/04\/HipoEZ_20_10-300x195.jpg 300w, https:\/\/www.casasco.com.ar\/wp-content\/uploads\/2023\/04\/HipoEZ_20_10-400x260.jpg 400w, https:\/\/www.casasco.com.ar\/wp-content\/uploads\/2023\/04\/HipoEZ_20_10-500x325.jpg 500w, https:\/\/www.casasco.com.ar\/wp-content\/uploads\/2023\/04\/HipoEZ_20_10-600x390.jpg 600w, https:\/\/www.casasco.com.ar\/wp-content\/uploads\/2023\/04\/HipoEZ_20_10-700x455.jpg 700w, https:\/\/www.casasco.com.ar\/wp-content\/uploads\/2023\/04\/HipoEZ_20_10-768x499.jpg 768w, https:\/\/www.casasco.com.ar\/wp-content\/uploads\/2023\/04\/HipoEZ_20_10-800x520.jpg 800w, https:\/\/www.casasco.com.ar\/wp-content\/uploads\/2023\/04\/HipoEZ_20_10-1024x666.jpg 1024w, https:\/\/www.casasco.com.ar\/wp-content\/uploads\/2023\/04\/HipoEZ_20_10-1200x780.jpg 1200w, https:\/\/www.casasco.com.ar\/wp-content\/uploads\/2023\/04\/HipoEZ_20_10-1536x999.jpg 1536w, https:\/\/www.casasco.com.ar\/wp-content\/uploads\/2023\/04\/HipoEZ_20_10.jpg 1821w\" sizes=\"(max-width: 305px) 100vw, 305px\" \/><\/a><\/p>\n<p><strong>F\u00f3rmula<\/strong><\/p>\n<p>HIPOLIPOL EZ 10\/10: Cada comprimido contiene: ROSUVASTATINA (como Rosuvastatina c\u00e1lcica), 10 mg; EZETIMIBE, 10 mg.<\/p>\n<p>HIPOLIPOL EZ 20\/10: Cada comprimido contiene: ROSUVASTATINA (como Rosuvastatina c\u00e1lcica), 20 mg; EZETIMIBE, 10 mg.<\/p>\n<p><strong>Acci\u00f3n Terap\u00e9utica<\/strong><\/p>\n<p>Hipolipemiante.<\/p>\n<p><strong>Indicaciones<\/strong><\/p>\n<p>Adyuvante de la dieta para el tratamiento de la hipercolesterolemia primaria.<\/p>\n<p><strong>Posolog\u00eda y Modo de Administraci\u00f3n<\/strong><\/p>\n<p>El paciente debe seguir una dieta baja en grasas adecuada y continuar con esta dieta durante el tratamiento con HIPOLIPOL EZ.<\/p>\n<p>HIPOLIPOL EZ puede administrarse dentro de un intervalo de dosis de 10\/10 mg a 20\/10 mg. La dosis recomendada es de un comprimido de la concentraci\u00f3n dada al d\u00eda. Se puede tomar con o sin alimentos.<\/p>\n<p>Si se toma adem\u00e1s un secuestrante de \u00e1cidos biliares, HIPOLIPOL EZ debe tomarse \u22652 horas antes o \u22654 horas despu\u00e9s.<\/p>\n<p>Poblaci\u00f3n pedi\u00e1trica<\/p>\n<p>No se ha establecido todav\u00eda la seguridad y eficacia de HIPOLIPOL EZ en ni\u00f1os menores de 18 a\u00f1os.<\/p>\n<p><strong>Contraindicaciones<\/strong><\/p>\n<ul>\n<li>Hipersensibilidad a los principios activos (rosuvastatina, ezetimibe) o a alguno de los excipientes.<\/li>\n<li>Enfermedad hep\u00e1tica activa incluyendo elevaciones persistentes, injustificadas de las transaminasas s\u00e9ricas y cualquier aumento de las transaminasas s\u00e9ricas que supere tres veces el l\u00edmite superior normal (LSN).<\/li>\n<li>Embarazo y lactancia y en mujeres en edad f\u00e9rtil que no est\u00e9n empleando m\u00e9todos anticonceptivos apropiados.<\/li>\n<li>Insuficiencia renal grave (aclaramiento de creatinina &lt;30 ml\/min).<\/li>\n<li>En pacientes con miopat\u00eda.<\/li>\n<li>Tratamiento con inhibidores de la proteasa, incluidas combinaciones de ritonavir con atazanavir, lopinavir y\/o tripanavir<\/li>\n<\/ul>\n<p>&nbsp;<\/p>\n<p><strong>Esta especialidad medicinal est\u00e1 libre de gluten. <\/strong><\/p>\n<p>&nbsp;<\/p>\n<p><strong>Presentaci\u00f3n<\/strong><\/p>\n<p>Envases con 30 comprimidos.<\/p>\n","protected":false},"excerpt":{"rendered":"<p><span class=\"span-reading-time rt-reading-time\" style=\"display: block;\"><span class=\"rt-label rt-prefix\">Tiempo de lectura:<\/span> <span class=\"rt-time\"> 2<\/span> <span class=\"rt-label rt-postfix\">minutos<\/span><\/span>&nbsp; &nbsp; F\u00f3rmula HIPOLIPOL EZ 10\/10: Cada comprimido contiene: ROSUVASTATINA  [&#8230;]<\/p>\n","protected":false},"featured_media":9852,"template":"","meta":{"_acf_changed":false},"product_brand":[],"product_cat":[65],"product_tag":[],"class_list":{"0":"post-9845","1":"product","2":"type-product","3":"status-publish","4":"has-post-thumbnail","6":"product_cat-productos","7":"pa_accion-terapeutica-hipolipemiante","8":"pa_linea-linea-cardiometabolica","9":"pa_principio-activo-rosuvastatina-ezetimibe","11":"first","12":"instock","13":"shipping-taxable","14":"product-type-simple"},"acf":[],"yoast_head":"<!-- This site is optimized with the Yoast SEO plugin v26.8 - https:\/\/yoast.com\/product\/yoast-seo-wordpress\/ -->\n<title>Hipolipol Ez 10\/10 y 20\/10 mg - Laboratorios Casasco<\/title>\n<meta name=\"robots\" content=\"index, follow, max-snippet:-1, max-image-preview:large, max-video-preview:-1\" \/>\n<link rel=\"canonical\" href=\"https:\/\/www.casasco.com.ar\/es\/producto\/hipolipol-ez\/\" \/>\n<meta property=\"og:locale\" content=\"es_ES\" \/>\n<meta property=\"og:type\" content=\"article\" \/>\n<meta property=\"og:title\" content=\"Hipolipol Ez 10\/10 y 20\/10 mg - Laboratorios Casasco\" \/>\n<meta property=\"og:description\" content=\"Tiempo de lectura: 2 minutos&nbsp; &nbsp; F\u00f3rmula HIPOLIPOL EZ 10\/10: Cada comprimido contiene: ROSUVASTATINA [...]\" \/>\n<meta property=\"og:url\" content=\"https:\/\/www.casasco.com.ar\/es\/producto\/hipolipol-ez\/\" \/>\n<meta property=\"og:site_name\" content=\"Laboratorios Casasco\" \/>\n<meta property=\"article:publisher\" content=\"https:\/\/www.facebook.com\/Laboratorios-Casasco-105762654553013\/\" \/>\n<meta property=\"article:modified_time\" content=\"2024-05-23T13:46:58+00:00\" \/>\n<meta property=\"og:image\" content=\"https:\/\/www.casasco.com.ar\/wp-content\/uploads\/2023\/04\/HipolipolEZ_logo.jpg\" \/>\n\t<meta property=\"og:image:width\" content=\"2115\" \/>\n\t<meta property=\"og:image:height\" content=\"745\" \/>\n\t<meta property=\"og:image:type\" content=\"image\/jpeg\" \/>\n<meta name=\"twitter:card\" content=\"summary_large_image\" \/>\n<meta name=\"twitter:label1\" content=\"Precio\" \/>\n\t<meta name=\"twitter:data1\" content=\"\" \/>\n\t<meta name=\"twitter:label2\" content=\"Disponibilidad\" \/>\n\t<meta name=\"twitter:data2\" content=\"Disponible\" \/>\n<script type=\"application\/ld+json\" class=\"yoast-schema-graph\">{\"@context\":\"https:\/\/schema.org\",\"@graph\":[{\"@type\":\"WebPage\",\"@id\":\"https:\/\/www.casasco.com.ar\/es\/producto\/hipolipol-ez\/\",\"url\":\"https:\/\/www.casasco.com.ar\/es\/producto\/hipolipol-ez\/\",\"name\":\"Hipolipol Ez 10\/10 y 20\/10 mg - Laboratorios Casasco\",\"isPartOf\":{\"@id\":\"https:\/\/www.casasco.com.ar\/es\/#website\"},\"primaryImageOfPage\":{\"@id\":\"https:\/\/www.casasco.com.ar\/es\/producto\/hipolipol-ez\/#primaryimage\"},\"image\":{\"@id\":\"https:\/\/www.casasco.com.ar\/es\/producto\/hipolipol-ez\/#primaryimage\"},\"thumbnailUrl\":\"https:\/\/www.casasco.com.ar\/wp-content\/uploads\/2023\/04\/HipolipolEZ_logo.jpg\",\"datePublished\":\"2023-04-21T18:52:06+00:00\",\"dateModified\":\"2024-05-23T13:46:58+00:00\",\"breadcrumb\":{\"@id\":\"https:\/\/www.casasco.com.ar\/es\/producto\/hipolipol-ez\/#breadcrumb\"},\"inLanguage\":\"es\",\"potentialAction\":[{\"@type\":\"ReadAction\",\"target\":[\"https:\/\/www.casasco.com.ar\/es\/producto\/hipolipol-ez\/\"]}]},{\"@type\":\"ImageObject\",\"inLanguage\":\"es\",\"@id\":\"https:\/\/www.casasco.com.ar\/es\/producto\/hipolipol-ez\/#primaryimage\",\"url\":\"https:\/\/www.casasco.com.ar\/wp-content\/uploads\/2023\/04\/HipolipolEZ_logo.jpg\",\"contentUrl\":\"https:\/\/www.casasco.com.ar\/wp-content\/uploads\/2023\/04\/HipolipolEZ_logo.jpg\",\"width\":2115,\"height\":745},{\"@type\":\"BreadcrumbList\",\"@id\":\"https:\/\/www.casasco.com.ar\/es\/producto\/hipolipol-ez\/#breadcrumb\",\"itemListElement\":[{\"@type\":\"ListItem\",\"position\":1,\"name\":\"Portada\",\"item\":\"https:\/\/www.casasco.com.ar\/es\/\"},{\"@type\":\"ListItem\",\"position\":2,\"name\":\"Productos\",\"item\":\"https:\/\/www.casasco.com.ar\/es\/buscar-productos\/\"},{\"@type\":\"ListItem\",\"position\":3,\"name\":\"Hipolipol Ez 10\/10 y 20\/10 mg\"}]},{\"@type\":\"WebSite\",\"@id\":\"https:\/\/www.casasco.com.ar\/es\/#website\",\"url\":\"https:\/\/www.casasco.com.ar\/es\/\",\"name\":\"Laboratorios Casasco\",\"description\":\"Al servicio de la salud\",\"publisher\":{\"@id\":\"https:\/\/www.casasco.com.ar\/es\/#organization\"},\"potentialAction\":[{\"@type\":\"SearchAction\",\"target\":{\"@type\":\"EntryPoint\",\"urlTemplate\":\"https:\/\/www.casasco.com.ar\/es\/?s={search_term_string}\"},\"query-input\":{\"@type\":\"PropertyValueSpecification\",\"valueRequired\":true,\"valueName\":\"search_term_string\"}}],\"inLanguage\":\"es\"},{\"@type\":\"Organization\",\"@id\":\"https:\/\/www.casasco.com.ar\/es\/#organization\",\"name\":\"Laboratorios Casasco\",\"alternateName\":\"Laboratorios Casasco S.A.I.C.\",\"url\":\"https:\/\/www.casasco.com.ar\/es\/\",\"logo\":{\"@type\":\"ImageObject\",\"inLanguage\":\"es\",\"@id\":\"https:\/\/www.casasco.com.ar\/es\/#\/schema\/logo\/image\/\",\"url\":\"https:\/\/www.casasco.com.ar\/wp-content\/uploads\/2023\/08\/logo_casasco2-1.png\",\"contentUrl\":\"https:\/\/www.casasco.com.ar\/wp-content\/uploads\/2023\/08\/logo_casasco2-1.png\",\"width\":250,\"height\":250,\"caption\":\"Laboratorios Casasco\"},\"image\":{\"@id\":\"https:\/\/www.casasco.com.ar\/es\/#\/schema\/logo\/image\/\"},\"sameAs\":[\"https:\/\/www.facebook.com\/Laboratorios-Casasco-105762654553013\/\",\"https:\/\/www.instagram.com\/laboratorioscasasco\/\",\"https:\/\/www.linkedin.com\/company\/laboratorios-casasco-saic\/?originalSubdomain=ar\",\"https:\/\/www.youtube.com\/channel\/UCSIO_8cRujhC4TtPeZ24P0A\"]}]}<\/script>\n<meta property=\"product:price:currency\" content=\"ARS\" \/>\n<meta property=\"og:availability\" content=\"instock\" \/>\n<meta property=\"product:availability\" content=\"instock\" \/>\n<meta property=\"product:condition\" content=\"new\" \/>\n<!-- \/ Yoast SEO plugin. -->","yoast_head_json":{"title":"Hipolipol Ez 10\/10 y 20\/10 mg - Laboratorios Casasco","robots":{"index":"index","follow":"follow","max-snippet":"max-snippet:-1","max-image-preview":"max-image-preview:large","max-video-preview":"max-video-preview:-1"},"canonical":"https:\/\/www.casasco.com.ar\/es\/producto\/hipolipol-ez\/","og_locale":"es_ES","og_type":"article","og_title":"Hipolipol Ez 10\/10 y 20\/10 mg - Laboratorios Casasco","og_description":"Tiempo de lectura: 2 minutos&nbsp; &nbsp; F\u00f3rmula HIPOLIPOL EZ 10\/10: Cada comprimido contiene: ROSUVASTATINA [...]","og_url":"https:\/\/www.casasco.com.ar\/es\/producto\/hipolipol-ez\/","og_site_name":"Laboratorios Casasco","article_publisher":"https:\/\/www.facebook.com\/Laboratorios-Casasco-105762654553013\/","article_modified_time":"2024-05-23T13:46:58+00:00","og_image":[{"width":2115,"height":745,"url":"https:\/\/www.casasco.com.ar\/wp-content\/uploads\/2023\/04\/HipolipolEZ_logo.jpg","type":"image\/jpeg"}],"twitter_card":"summary_large_image","twitter_misc":{"Precio":"","Disponibilidad":"Disponible"},"schema":{"@context":"https:\/\/schema.org","@graph":[{"@type":"WebPage","@id":"https:\/\/www.casasco.com.ar\/es\/producto\/hipolipol-ez\/","url":"https:\/\/www.casasco.com.ar\/es\/producto\/hipolipol-ez\/","name":"Hipolipol Ez 10\/10 y 20\/10 mg - Laboratorios Casasco","isPartOf":{"@id":"https:\/\/www.casasco.com.ar\/es\/#website"},"primaryImageOfPage":{"@id":"https:\/\/www.casasco.com.ar\/es\/producto\/hipolipol-ez\/#primaryimage"},"image":{"@id":"https:\/\/www.casasco.com.ar\/es\/producto\/hipolipol-ez\/#primaryimage"},"thumbnailUrl":"https:\/\/www.casasco.com.ar\/wp-content\/uploads\/2023\/04\/HipolipolEZ_logo.jpg","datePublished":"2023-04-21T18:52:06+00:00","dateModified":"2024-05-23T13:46:58+00:00","breadcrumb":{"@id":"https:\/\/www.casasco.com.ar\/es\/producto\/hipolipol-ez\/#breadcrumb"},"inLanguage":"es","potentialAction":[{"@type":"ReadAction","target":["https:\/\/www.casasco.com.ar\/es\/producto\/hipolipol-ez\/"]}]},{"@type":"ImageObject","inLanguage":"es","@id":"https:\/\/www.casasco.com.ar\/es\/producto\/hipolipol-ez\/#primaryimage","url":"https:\/\/www.casasco.com.ar\/wp-content\/uploads\/2023\/04\/HipolipolEZ_logo.jpg","contentUrl":"https:\/\/www.casasco.com.ar\/wp-content\/uploads\/2023\/04\/HipolipolEZ_logo.jpg","width":2115,"height":745},{"@type":"BreadcrumbList","@id":"https:\/\/www.casasco.com.ar\/es\/producto\/hipolipol-ez\/#breadcrumb","itemListElement":[{"@type":"ListItem","position":1,"name":"Portada","item":"https:\/\/www.casasco.com.ar\/es\/"},{"@type":"ListItem","position":2,"name":"Productos","item":"https:\/\/www.casasco.com.ar\/es\/buscar-productos\/"},{"@type":"ListItem","position":3,"name":"Hipolipol Ez 10\/10 y 20\/10 mg"}]},{"@type":"WebSite","@id":"https:\/\/www.casasco.com.ar\/es\/#website","url":"https:\/\/www.casasco.com.ar\/es\/","name":"Laboratorios Casasco","description":"Al servicio de la salud","publisher":{"@id":"https:\/\/www.casasco.com.ar\/es\/#organization"},"potentialAction":[{"@type":"SearchAction","target":{"@type":"EntryPoint","urlTemplate":"https:\/\/www.casasco.com.ar\/es\/?s={search_term_string}"},"query-input":{"@type":"PropertyValueSpecification","valueRequired":true,"valueName":"search_term_string"}}],"inLanguage":"es"},{"@type":"Organization","@id":"https:\/\/www.casasco.com.ar\/es\/#organization","name":"Laboratorios Casasco","alternateName":"Laboratorios Casasco S.A.I.C.","url":"https:\/\/www.casasco.com.ar\/es\/","logo":{"@type":"ImageObject","inLanguage":"es","@id":"https:\/\/www.casasco.com.ar\/es\/#\/schema\/logo\/image\/","url":"https:\/\/www.casasco.com.ar\/wp-content\/uploads\/2023\/08\/logo_casasco2-1.png","contentUrl":"https:\/\/www.casasco.com.ar\/wp-content\/uploads\/2023\/08\/logo_casasco2-1.png","width":250,"height":250,"caption":"Laboratorios Casasco"},"image":{"@id":"https:\/\/www.casasco.com.ar\/es\/#\/schema\/logo\/image\/"},"sameAs":["https:\/\/www.facebook.com\/Laboratorios-Casasco-105762654553013\/","https:\/\/www.instagram.com\/laboratorioscasasco\/","https:\/\/www.linkedin.com\/company\/laboratorios-casasco-saic\/?originalSubdomain=ar","https:\/\/www.youtube.com\/channel\/UCSIO_8cRujhC4TtPeZ24P0A"]}]},"product_price_currency":"ARS","og_availability":"instock","product_availability":"instock","product_condition":"new"},"_links":{"self":[{"href":"https:\/\/www.casasco.com.ar\/es\/wp-json\/wp\/v2\/product\/9845","targetHints":{"allow":["GET"]}}],"collection":[{"href":"https:\/\/www.casasco.com.ar\/es\/wp-json\/wp\/v2\/product"}],"about":[{"href":"https:\/\/www.casasco.com.ar\/es\/wp-json\/wp\/v2\/types\/product"}],"wp:featuredmedia":[{"embeddable":true,"href":"https:\/\/www.casasco.com.ar\/es\/wp-json\/wp\/v2\/media\/9852"}],"wp:attachment":[{"href":"https:\/\/www.casasco.com.ar\/es\/wp-json\/wp\/v2\/media?parent=9845"}],"wp:term":[{"taxonomy":"product_brand","embeddable":true,"href":"https:\/\/www.casasco.com.ar\/es\/wp-json\/wp\/v2\/product_brand?post=9845"},{"taxonomy":"product_cat","embeddable":true,"href":"https:\/\/www.casasco.com.ar\/es\/wp-json\/wp\/v2\/product_cat?post=9845"},{"taxonomy":"product_tag","embeddable":true,"href":"https:\/\/www.casasco.com.ar\/es\/wp-json\/wp\/v2\/product_tag?post=9845"}],"curies":[{"name":"wp","href":"https:\/\/api.w.org\/{rel}","templated":true}]}}